{"id":6656,"date":"2026-03-12T12:11:55","date_gmt":"2026-03-12T11:11:55","guid":{"rendered":"https:\/\/spirituelle-lebensfuehrung.de\/?page_id=6656"},"modified":"2026-04-24T12:03:53","modified_gmt":"2026-04-24T10:03:53","slug":"ueber-mich","status":"publish","type":"page","link":"https:\/\/spirituelle-lebensfuehrung.de\/ru\/ueber-mich\/","title":{"rendered":"\u00dcber mich"},"content":{"rendered":"\n<p class=\"has-medium-font-size\">Willkommen zu meiner Website \u201eSpirituelle Lebensf\u00fchrung.\u201c Mein Name ist J\u00fcrgen Lang, und ich bin ihr Betreiber.<\/p>\n\n\n\n<figure class=\"wp-block-image size-full is-resized\"><img loading=\"lazy\" decoding=\"async\" width=\"155\" height=\"239\" src=\"https:\/\/spirituelle-lebensfuehrung.de\/wp-content\/uploads\/image-17.jpeg\" alt=\"\" class=\"wp-image-6665\" style=\"aspect-ratio:0.6485779666557698;width:240px;height:auto\" srcset=\"https:\/\/spirituelle-lebensfuehrung.de\/wp-content\/uploads\/image-17.jpeg 155w, https:\/\/spirituelle-lebensfuehrung.de\/wp-content\/uploads\/image-17-97x150.jpeg 97w\" sizes=\"auto, (max-width: 155px) 100vw, 155px\" \/><\/figure>\n\n\n\n<p class=\"has-medium-font-size\">Hier geht es um Beitr\u00e4ge zu solchen Themen wie die Frage nach der eigenen Identit\u00e4t (\u201eWer bin ich?\u201c), wozu es das B\u00f6se gibt, wie man die innere Stimme findet, wie wahre Liebe aussieht, wie st\u00e4ndige und sichere Versorgung auf spiritueller Grundlage gew\u00e4hrleistet werden kann und welche Rolle Meditation und Gedankenkontrolle f\u00fcr den Lebenserfolg spielen. Es geht insgesamt um den Ausweg aus dem Leid.<\/p>\n\n\n\n<p class=\"has-medium-font-size\">Unsere Gegenwart ist gepr\u00e4gt von Globalisierung, Terrorismus, Verrohung, zunehmender Selbstjustiz, Cyberkriminalit\u00e4t, Faschisierung und Krieg. Diese Probleme sind von zunehmend existenzieller Bedeutung. Das gilt umso mehr, seit die Menschen sich in einen selbstzerst\u00f6rerischen Umgang mit dem Klima hineinman\u00f6vriert haben.<\/p>\n\n\n\n<p class=\"has-medium-font-size\">Die L\u00f6sungswege gibt es l\u00e4ngst, sie waren schon immer da. Sie sind in den gro\u00dfen Weisheitstexten niedergelegt, wenn auch h\u00e4ufig verschl\u00fcsselt. Zudem erscheinen solche Ideale wie die &nbsp;Goldene Regel oder Feindesliebe sowieso irrational und unglaubw\u00fcrdig. Sie sind daher aus dem \u00f6ffentlichen Bewusstsein weitgehend verschwunden. Vom archaischen Prinzip \u201eAuge um Auge, Zahn um Zahn\u201c hingegen haben sich die Menschen seit ihrem Auftritt auf der irdischen B\u00fchne nicht einen Millimeter entfernt.<br>Die Voraussetzung f\u00fcr die Herausl\u00f6sung aus dem pers\u00f6nlichen Leid nennt der Dichterf\u00fcrst:&nbsp;<em>\u201eVon der Gewalt, die alle bindet, befreit&nbsp;<u>der<\/u>&nbsp;Mensch sich, der sich \u00fcberwindet.\u201c&nbsp;<\/em>Dabei handelt es sich um die \u00dcberwindung des egozentrischen Selbsterhaltungstriebs.<\/p>\n\n\n\n<p class=\"has-medium-font-size\">Das gemeinsame Credo der gro\u00dfen Weisheitslehren soll im Rahmen dieser Website moderne aussagekr\u00e4ftige Ans\u00e4tze aufzeigen. Ihre Sprengkraft f\u00fcr die Gegenwart ist unter den Gesichtspunkten von Klimawandel und Krieg immens. Sie zeigen den Ausweg&nbsp;auf.<\/p>\n\n\n\n<p class=\"has-medium-font-size\">Die Textinhalte sind nichts f\u00fcr zartbesaitete Naturen, denn sie stellen so ziemlich alles prinzipiell in Frage, was heute immer noch als gefestigte Weltsicht gilt. Vergebung, Widerstandslosigkeit gegen\u00fcber dem \u00dcbel, Verst\u00e4ndnis der Struktur des B\u00f6sen und Fremdenliebe erscheinen als unglaubw\u00fcrdige Ideale, wohingegen das Prinzip \u201eAuge um Auge\u201c in Form von Rache und Vergeltung als grundlegendes Handlungsmuster vorherrscht. Eine Er\u00f6rterung der Anwendbarkeit des Verzichts auf Vergeltung &nbsp;st\u00f6\u00dft auch bei gutwilligen Lesern auf Skepsis.<\/p>\n\n\n\n<p class=\"has-medium-font-size\">Der Grund daf\u00fcr ist, dass fast alle Menschen ihr Leben grunds\u00e4tzlich und so gut wie ausschlie\u00dflich nach dem eigenen Wohl ausrichten. Dadurch unterwerfen sie es dem biologischen Grundtrieb der Selbsterhaltung. Das entspricht im Prinzip dem Leben der L\u00f6wen im Rudel: Erjagen des Unterhalts, Gestalten des Zusammenlebens, Fortpflanzen, Ausruhen und K\u00e4mpfen gegen Eindringlinge. Der Sinn ihres Existierens ist ihr Existieren. Aus diesem Programm k\u00f6nnen sie nicht ausbrechen. Die Menschen unterliegen ebenfalls diesem animalischen Programm. F\u00fcr sie ist der Sinn ihres Existierens ebenfalls ihr Existieren.<br>Dabei ist dieses Existieren gepr\u00e4gt von Unsicherheit, Verlust, Kummer, Schmerz, Sorge, Eifersucht, Angst und Gewalt. Um welches Leid es sich dabei auch immer handelt, der Mensch sieht es als selbstverst\u00e4ndlich gegeben an und kommt deshalb noch nicht einmal auf die Idee, es abzuschaffen, obwohl alle Religionen ihm genau dies zeigen. Stattdessen versucht er, das Leid mit Z\u00e4hnen und Klauen zu bek\u00e4mpfen. Und dies, obwohl der Sinn des Leidens den Menschen durch die Weisheitslehren sehr klar aufgezeigt ist, wie er zum Beispiel aus christlicher Sicht im Gleichnis vom verlorenen Sohn zum Ausdruck kommt.<br>Denn der Mensch ist das einzige S\u00e4ugetier, das aus dem Programm der Egozentrik, der biologisch vorgegebenen egobezogenen Selbsterhaltung \u2013 die die Kinder, Eltern, Partner, Freunde usw. einschlie\u00dft \u2013 ausbrechen kann. Dieser Ausweg ist das einzige Thema der Bergpredigt, des buddhistischen Achtfachen Pfades, des Korans, der Zehn Gebote, der hinduistischen Bhagavad Gita, des chinesischen Tao Te King usw. Es ist der Weg zur Erhaltung&nbsp;<em>aller.&nbsp;<\/em>Das bedeutet, dass ich die Reihenfolge vertausche: Nicht erst ich, und sp\u00e4ter vielleicht alle anderen, sondern umgekehrt erst alle anderen und dann die notwendige Selbstversorgung.<br>&nbsp;Die erste Folge dieser Kehrtwende im Bewusstsein ist die Station der individuellen Leidfreiheit, wie es beispielsweise das Buch Hiob schildert; vor allem aber ist es die konkrete Erfahrung derjenigen, die sich auf dem spirituellen Weg befinden und die die erste und zweite Leidstufe durchgehalten haben. Dieser Richtungswechsel mit der Erweiterung des Bewusstseins hin auf die geistige Stufe ist verbunden mit dem Opfern der hergebrachten Einstellungen zu allen anderen Menschen, nicht nur zu Migranten und anderen \u201eEindringlingen ins eigene Rudel.\u201c<br>Die vergangenen Jahrtausende des Homo sapiens zeigen, wie folgenlos das existenzielle Erl\u00f6sungskonzept der Religionen bei den Menschen geblieben ist, aber auch, wie beweiskr\u00e4ftig die Lebenserfahrungen all derjenigen sind, die den geistigen Weg der samaritanischen Hinwendung und F\u00fcrsorge beschritten haben.&nbsp;&nbsp;&nbsp;&nbsp;<\/p>\n\n\n\n<p class=\"has-medium-font-size\">Jede Auseinandersetzung mit den Themen des spirituellen Wegs ist schmerzlich. Aber trotzdem ist nichts weniger als eine radikale Umkehr im Bewusstsein der Menschen erforderlich, um das Leid aus ihrem Leben zu verbannen.<\/p>\n\n\n\n<p class=\"has-medium-font-size\">Ich bin pensionierter Lehrer. Vier Jahrzehnte lebte ich ein normales Alltagsleben. Durch eine Lebenskrise, in der alle sicher geglaubten Lebensgrundlagen f\u00fcr mich verloren gingen, begab ich mich zun\u00e4chst auf die Suche nach Auswegen, sp\u00e4ter dann auf die nach Hintergr\u00fcnden. Nach vielen Jahren des Studiums der Religionen, in denen ich alle kirchlichen und esoterischen Bez\u00fcge hinter mir lie\u00df, fand ich mich auf einem spirituellen Weg wieder. So gelangte ich in den direkten Kontakt mit meiner Intuition und damit auch zu kleinschrittiger F\u00fchrung durch sie. Dadurch bin ich in zunehmendem Ma\u00df zu einem Menschen voller Seelenruhe geworden, der sich um nichts mehr zu sorgen braucht und ein erf\u00fclltes und beschwingtes Leben f\u00fchren kann.<\/p>\n\n\n\n<p class=\"has-medium-font-size\">Vor allem aufgrund meiner eigenen Erfahrungen mit dem Leid (beginnend mit meiner Ehescheidung) er\u00f6ffnete sich mir dieser geistige Erl\u00f6sungsweg. Er enthielt unter anderem das Wissen, grunds\u00e4tzlich nicht nach Vergeltung zu trachten, grunds\u00e4tzlich nicht verurteilen und grunds\u00e4tzlich nicht dem \u00dcbel zu widerstreben Das praktische Ein\u00fcben und die damit verbundene pers\u00f6nliche konkrete Erfahrung mit der Bew\u00e4ltigung des Leids durch innere intuitive F\u00fchrung zeigte mir, wie handfest begehbar dieser Weg ist. Dabei sind die ihm zugrundeliegenden Weisheiten nicht meine, sondern nur von mir in Erfahrung gebracht, befolgt, ausprobiert, beschrieben und demonstriert \u2013 also diejenigen, die ich f\u00fcr verallgemeinerbar halte.<\/p>\n\n\n\n<p class=\"has-medium-font-size\">Alle folgenden Themen, ob es sich nun um die obere H\u00e4lfte der Liebe handelt, um die Frage nach dem Lebenssinn, um die Funktion des B\u00f6sen, um den \u201eGottesfunken\u201c im Innern (Meister Eckhart), um die Wahrheitsfrage, um die Sicherung der Versorgung, um spirituellen Sex, um Feindesliebe oder um das Verstehen von Schmerz und Leid, alle diese Beitr\u00e4ge sind nicht nur weitere Theorien zu den vielen schon bestehenden. Auch sind sie nicht wolkige Gegenansichten und -behauptungen: Sie sind Ergebnisse meiner konkreten leidvollen Erfahrungen mit ihren anschlie\u00dfenden sinn- und gl\u00fcckerf\u00fcllten Folgen. Die handfesten Erfahrungen im Alltagsleben sind die Nachweise.<\/p>\n\n\n\n<p class=\"has-medium-font-size\">Ihre Weitergabe hat zum Ziel, spirituelle Lebensf\u00fchrung auf eine weitere Stufe zu heben; dadurch kann man ein sorgen- und angstfreies Leben f\u00fchren. Nicht von ungef\u00e4hr betonen die geistigen Zeugnisse aller Kulturen, dass eine&nbsp;<em>grunds\u00e4tzliche<\/em>&nbsp;Umkehr im Bewusstsein der Menschen erforderlich&nbsp; ist, um das Leid aus ihrem Leben zu verbannen.<br>Die folgenden Kapitel haben das Ziel, das spirituelle Wissen zu vergr\u00f6\u00dfern und es mit dem \u201eBauchgef\u00fchl\u201c, der inneren Stimme, der Intuition zu verbinden. Damit wird auch die individuelle Liebesf\u00e4higkeit gesteigert oder \u00fcberhaupt erst entwickelt.<\/p>\n\n\n\n<p class=\"has-medium-font-size\"><em>\u201eDes Lebens Ruf an uns wird niemals enden, \u2026<br>Wohlan denn, Herz, nimm Abschied und gesunde!\u201c<br>(Hermann Hesse: Stufen)<\/em><\/p>\n\n\n\n<p><\/p>\n\n\n\n<p><\/p>\n\n\n\n<p><strong>Gedanken zu&nbsp;\u201c\u00dcber mich\u201d<\/strong><\/p>\n\n\n\n<p><a href=\"http:\/\/www.ethereal-wave.net\/\">Andr\u00e9s Ramos-Jim\u00e9nez<\/a>\u00a0sagt:<\/p>\n\n\n\n<p>Nun habe ich endlich eine Webseite gefunden, die echte spirituelle L\u00f6sungswege aufzeigt, ohne Werbung f\u00fcr Mind Coaching der \u201eAlles ist Licht und Liebe\u201c Fraktion und Yoga-Kursen. Die Inhalte sind nicht einfach Informationen, sondern die Essenz von Erlebnissen, pragmatisch und authentisch. Nur so geht heute Spiritualit\u00e4t noch, durch eigene Wege, das eigene Leid aufl\u00f6sen. Chapeau, Herr Lang!<\/p>\n\n\n\n<p><\/p>\n\n\n\n<p><\/p>\n","protected":false},"excerpt":{"rendered":"<p>Willkommen zu meiner Website \u201eSpirituelle Lebensf\u00fchrung.\u201c Mein Name ist J\u00fcrgen Lang, und ich bin ihr Betreiber. Hier geht es um&hellip;<\/p>\n","protected":false},"author":1,"featured_media":0,"parent":0,"menu_order":0,"comment_status":"closed","ping_status":"closed","template":"","meta":{"footnotes":""},"class_list":["post-6656","page","type-page","status-publish","hentry"],"translation":{"provider":"WPGlobus","version":"3.0.2","language":"ru","enabled_languages":["de","es","ru","en","uk"],"languages":{"de":{"title":true,"content":true,"excerpt":false},"es":{"title":true,"content":true,"excerpt":false},"ru":{"title":false,"content":false,"excerpt":false},"en":{"title":true,"content":true,"excerpt":false},"uk":{"title":false,"content":false,"excerpt":false}}},"jetpack_sharing_enabled":true,"_links":{"self":[{"href":"https:\/\/spirituelle-lebensfuehrung.de\/ru\/wp-json\/wp\/v2\/pages\/6656","targetHints":{"allow":["GET"]}}],"collection":[{"href":"https:\/\/spirituelle-lebensfuehrung.de\/ru\/wp-json\/wp\/v2\/pages"}],"about":[{"href":"https:\/\/spirituelle-lebensfuehrung.de\/ru\/wp-json\/wp\/v2\/types\/page"}],"author":[{"embeddable":true,"href":"https:\/\/spirituelle-lebensfuehrung.de\/ru\/wp-json\/wp\/v2\/users\/1"}],"replies":[{"embeddable":true,"href":"https:\/\/spirituelle-lebensfuehrung.de\/ru\/wp-json\/wp\/v2\/comments?post=6656"}],"version-history":[{"count":16,"href":"https:\/\/spirituelle-lebensfuehrung.de\/ru\/wp-json\/wp\/v2\/pages\/6656\/revisions"}],"predecessor-version":[{"id":6822,"href":"https:\/\/spirituelle-lebensfuehrung.de\/ru\/wp-json\/wp\/v2\/pages\/6656\/revisions\/6822"}],"wp:attachment":[{"href":"https:\/\/spirituelle-lebensfuehrung.de\/ru\/wp-json\/wp\/v2\/media?parent=6656"}],"curies":[{"name":"wp","href":"https:\/\/api.w.org\/{rel}","templated":true}]}}