{"id":6656,"date":"2026-03-12T12:11:55","date_gmt":"2026-03-12T11:11:55","guid":{"rendered":"https:\/\/spirituelle-lebensfuehrung.de\/?page_id=6656"},"modified":"2026-04-24T12:03:53","modified_gmt":"2026-04-24T10:03:53","slug":"ueber-mich","status":"publish","type":"page","link":"https:\/\/spirituelle-lebensfuehrung.de\/es\/ueber-mich\/","title":{"rendered":"Acerca de m\u00ed"},"content":{"rendered":"\n<p class=\"has-medium-font-size\">Bienvenidos a mi sitio web \u00abVida espiritual\u00bb. Me llamo J\u00fcrgen Lang y soy el administrador del mismo.<\/p>\n\n\n\n<figure class=\"wp-block-image size-full is-resized\"><img loading=\"lazy\" decoding=\"async\" width=\"155\" height=\"239\" src=\"https:\/\/spirituelle-lebensfuehrung.de\/wp-content\/uploads\/image-335.png\" alt=\"\" class=\"wp-image-6798\" style=\"aspect-ratio:0.6485779666557698;width:201px;height:auto\" srcset=\"https:\/\/spirituelle-lebensfuehrung.de\/wp-content\/uploads\/image-335.png 155w, https:\/\/spirituelle-lebensfuehrung.de\/wp-content\/uploads\/image-335-97x150.png 97w\" sizes=\"auto, (max-width: 155px) 100vw, 155px\" \/><\/figure>\n\n\n\n<p class=\"has-medium-font-size\">Aqu\u00ed se tratan temas como la cuesti\u00f3n de la propia identidad (\u00ab\u00bfQui\u00e9n soy?\u00bb), la raz\u00f3n de ser del mal, c\u00f3mo encontrar la voz interior, c\u00f3mo es el amor verdadero, c\u00f3mo se puede garantizar un sustento constante y seguro sobre una base espiritual y qu\u00e9 papel desempe\u00f1an la meditaci\u00f3n y el control de los pensamientos para el \u00e9xito en la vida. En definitiva, se trata de encontrar una salida al sufrimiento.<\/p>\n\n\n\n<p class=\"has-medium-font-size\">Nuestro presente est\u00e1 marcado por la globalizaci\u00f3n, el terrorismo, la brutalizaci\u00f3n, el aumento de la justicia por mano propia, la ciberdelincuencia, la fascistizaci\u00f3n y la guerra. Estos problemas tienen una importancia cada vez m\u00e1s existencial. Esto es a\u00fan m\u00e1s cierto desde que los seres humanos se han metido en una relaci\u00f3n autodestructiva con el clima.<\/p>\n\n\n\n<p class=\"has-medium-font-size\">Las soluciones existen desde hace tiempo, siempre han estado ah\u00ed. Est\u00e1n recogidas en los grandes textos de sabidur\u00eda, aunque a menudo de forma encriptada. Adem\u00e1s, ideales como la Regla de Oro o el amor al enemigo parecen, de todos modos, irracionales y poco cre\u00edbles. Por ello, han desaparecido en gran medida de la conciencia p\u00fablica. En cambio, desde su aparici\u00f3n en la escena terrenal, los seres humanos no se han alejado ni un mil\u00edmetro del arcaico principio de \u00abojo por ojo, diente por diente\u00bb.<\/p>\n\n\n\n<p class=\"has-medium-font-size\">El pr\u00edncipe de los poetas enuncia el requisito previo para liberarse del sufrimiento personal: <em>\u00abDe la violencia que a todos ata, se libera <u>el<\/u> ser humano que se supera a s\u00ed mismo.\u00bb <\/em>Se trata de la superaci\u00f3n del instinto egoc\u00e9ntrico de autoconservaci\u00f3n.<\/p>\n\n\n\n<p class=\"has-medium-font-size\">El credo com\u00fan de las grandes ense\u00f1anzas de sabidur\u00eda pretende mostrar, en el marco de este sitio web, enfoques modernos y significativos. Su impacto en el presente es inmenso desde el punto de vista del cambio clim\u00e1tico y la guerra. Muestran el camino de salida.<\/p>\n\n\n\n<p class=\"has-medium-font-size\">Los contenidos del texto no son aptos para personas sensibles, ya que cuestionan en principio pr\u00e1cticamente todo lo que hoy en d\u00eda sigue consider\u00e1ndose una visi\u00f3n del mundo consolidada. El perd\u00f3n, la no resistencia al mal, la comprensi\u00f3n de la estructura del mal y el amor al pr\u00f3jimo parecen ideales poco cre\u00edbles, mientras que el principio de \u00abojo por ojo\u00bb, en forma de venganza y represalia, prevalece como patr\u00f3n de actuaci\u00f3n fundamental. Una discusi\u00f3n sobre la aplicabilidad de la renuncia a la represalia se topa con escepticismo incluso entre los lectores de buena voluntad.<\/p>\n\n\n\n<p class=\"has-medium-font-size\">La raz\u00f3n de ello es que casi todas las personas orientan su vida, en principio y de forma casi exclusiva, hacia su propio bienestar. Con ello, la someten al instinto biol\u00f3gico b\u00e1sico de la autoconservaci\u00f3n. Esto se corresponde, en principio, con la vida de los leones en la manada: cazar para subsistir, organizar la convivencia, reproducirse, descansar y luchar contra los intrusos. El sentido de su existencia es su propia existencia. No pueden escapar de este programa. Los seres humanos tambi\u00e9n est\u00e1n sujetos a este programa animal. Para ellos, el sentido de su existencia es igualmente su propia existencia.<\/p>\n\n\n\n<p class=\"has-medium-font-size\">Sin embargo, esta existencia est\u00e1 marcada por la inseguridad, la p\u00e9rdida, la pena, el dolor, la preocupaci\u00f3n, los celos, el miedo y la violencia. Sea cual sea el sufrimiento de que se trate, el ser humano lo da por sentado y, por lo tanto, ni siquiera se le ocurre la idea de abolirlo, aunque todas las religiones le muestran precisamente eso. En cambio, intenta combatir el sufrimiento con u\u00f1as y dientes.<\/p>\n\n\n\n<p class=\"has-medium-font-size\">Y esto, a pesar de que el sentido del sufrimiento se le muestra al ser humano con gran claridad a trav\u00e9s de las ense\u00f1anzas de la sabidur\u00eda, tal y como se expresa, por ejemplo, desde la perspectiva cristiana en la par\u00e1bola del hijo pr\u00f3digo.<\/p>\n\n\n\n<p class=\"has-medium-font-size\">Porque el ser humano es el \u00fanico mam\u00edfero capaz de romper con el programa del egocentrismo, de la autoconservaci\u00f3n egoc\u00e9ntrica predeterminada biol\u00f3gicamente \u2014que incluye a los hijos, los padres, la pareja, los amigos, etc. Esta salida es el \u00fanico tema del Serm\u00f3n de la Monta\u00f1a, del \u00d3ctuple Sendero budista, del Cor\u00e1n, de los Diez Mandamientos, del Bhagavad Gita hind\u00fa, del Tao Te King chino, etc. Es el camino hacia la preservaci\u00f3n <em>de todos. <\/em>Esto significa que invierto el orden: no primero yo, y despu\u00e9s quiz\u00e1 todos los dem\u00e1s, sino al rev\u00e9s, primero todos los dem\u00e1s y luego la necesaria autosuficiencia.<\/p>\n\n\n\n<p class=\"has-medium-font-size\">La primera consecuencia de este cambio de rumbo en la conciencia es la etapa de la ausencia de sufrimiento individual, tal y como la describe, por ejemplo, el libro de Job; pero, sobre todo, es la experiencia concreta de quienes se encuentran en el camino espiritual y han superado el primer y el segundo nivel de sufrimiento. Este cambio de rumbo, con la ampliaci\u00f3n de la conciencia hacia el nivel espiritual, va unido al sacrificio de las actitudes tradicionales hacia todas las dem\u00e1s personas, no solo hacia los migrantes y otros \u00abintrusos en la propia manada\u00bb.<\/p>\n\n\n\n<p class=\"has-medium-font-size\">Los \u00faltimos milenios del Homo sapiens muestran lo poco que ha calado en las personas el concepto existencial de la salvaci\u00f3n de las religiones, pero tambi\u00e9n lo elocuentes que son las experiencias vitales de todos aquellos que han emprendido el camino espiritual de la atenci\u00f3n y el cuidado samaritanos.<\/p>\n\n\n\n<p class=\"has-medium-font-size\">Cualquier reflexi\u00f3n sobre los temas del camino espiritual es dolorosa. Pero, a pesar de ello, se requiere nada menos que un cambio radical en la conciencia de las personas para desterrar el sufrimiento de sus vidas.<\/p>\n\n\n\n<p class=\"has-medium-font-size\">Soy profesor jubilado. Durante cuatro d\u00e9cadas llev\u00e9 una vida cotidiana normal. A ra\u00edz de una crisis vital en la que perd\u00ed todos los fundamentos de la vida que cre\u00eda seguros, primero me lanc\u00e9 a la b\u00fasqueda de salidas y, m\u00e1s tarde, a la de los trasfondos. Tras muchos a\u00f1os de estudio de las religiones, en los que dej\u00e9 atr\u00e1s todas las referencias eclesi\u00e1sticas y esot\u00e9ricas, me encontr\u00e9 en un camino espiritual. As\u00ed entr\u00e9 en contacto directo con mi intuici\u00f3n y, con ello, tambi\u00e9n con una gu\u00eda paso a paso a trav\u00e9s de ella. Gracias a ello, me he convertido cada vez m\u00e1s en una persona llena de paz interior, que ya no tiene que preocuparse por nada y puede llevar una vida plena y alegre.<\/p>\n\n\n\n<p class=\"has-medium-font-size\">Este camino de liberaci\u00f3n espiritual se me abri\u00f3 sobre todo gracias a mis propias experiencias con el sufrimiento (empezando por mi divorcio). Este camino inclu\u00eda, entre otras cosas, el saber que, por principio, no hay que buscar venganza, no hay que juzgar y no hay que resistirse al mal. La pr\u00e1ctica y la experiencia personal concreta asociada a ella, al superar el sufrimiento mediante una gu\u00eda intuitiva interior, me mostraron lo tangiblemente transitable que es este camino. Sin embargo, las sabidur\u00edas en las que se basa no son m\u00edas, sino que solo las he experimentado, seguido, probado, descrito y demostrado \u2014es decir, aquellas que considero generalizables\u2014.<\/p>\n\n\n\n<p class=\"has-medium-font-size\">Todos los temas siguientes, ya se trate de la mitad superior del amor, de la cuesti\u00f3n del sentido de la vida, de la funci\u00f3n del mal, de la \u00abchispa de Dios\u00bb en el interior (Maestro Eckhart), la cuesti\u00f3n de la verdad, la seguridad del sustento, el sexo espiritual, el amor al enemigo o la comprensi\u00f3n del dolor y el sufrimiento, todas estas aportaciones no son solo m\u00e1s teor\u00edas que se suman a las muchas ya existentes. Tampoco son opiniones y afirmaciones contrarias vagas: son el resultado de mis experiencias concretas y dolorosas, con sus consiguientes consecuencias llenas de sentido y felicidad. Las experiencias tangibles de la vida cotidiana son la prueba.<\/p>\n\n\n\n<p class=\"has-medium-font-size\">Su transmisi\u00f3n tiene como objetivo elevar la vida espiritual a un nivel superior; de este modo, se puede llevar una vida libre de preocupaciones y miedos. No es casualidad que los testimonios espirituales de todas las culturas destaquen que es necesario un cambio <em>fundamental<\/em> en la conciencia de las personas para desterrar el sufrimiento de sus vidas.<\/p>\n\n\n\n<p class=\"has-medium-font-size\">Los siguientes cap\u00edtulos tienen como objetivo ampliar el conocimiento espiritual y conectarlo con el \u00abinstinto\u00bb, la voz interior, la intuici\u00f3n. De este modo, tambi\u00e9n se potencia la capacidad individual de amar o, de hecho, se desarrolla por primera vez.<\/p>\n\n\n\n<p class=\"has-medium-font-size\"><em>\u00abLa llamada de la vida nunca terminar\u00e1 para nosotros, \u2026<\/em><br><em>\u00a1Pues bien, coraz\u00f3n, desp\u00eddete y san\u00e1!\u00bb<\/em><br><em>(Hermann Hesse: Escalones)<\/em><\/p>\n\n\n\n<p><strong>comentarios sobre \u00abAcerca de m\u00ed\u00bb<\/strong><\/p>\n\n\n\n<p><a href=\"http:\/\/www.ethereal-wave.net\/\"><strong>Andr\u00e9s Ramos-Jim\u00e9nez<\/strong><\/a> dice:<\/p>\n\n\n\n<p>Por fin he encontrado una p\u00e1gina web que muestra soluciones espirituales aut\u00e9nticas, sin publicidad del coaching mental de la facci\u00f3n \u00abTodo es luz y amor\u00bb ni de cursos de yoga. Los contenidos no son simples informaciones, sino la esencia de experiencias, pragm\u00e1ticas y aut\u00e9nticas. Solo as\u00ed funciona hoy en d\u00eda la espiritualidad: a trav\u00e9s de caminos propios, disolviendo el propio sufrimiento. \u00a1Chapeau, se\u00f1or Lang!<\/p>\n\n\n\n<p class=\"has-small-font-size\">(Translated with deepL)<\/p>\n","protected":false},"excerpt":{"rendered":"<p>Bienvenidos a mi sitio web \u00abVida espiritual\u00bb. Me llamo J\u00fcrgen Lang y soy el administrador del mismo. Aqu\u00ed se tratan&hellip;<\/p>\n","protected":false},"author":1,"featured_media":0,"parent":0,"menu_order":0,"comment_status":"closed","ping_status":"closed","template":"","meta":{"footnotes":""},"class_list":["post-6656","page","type-page","status-publish","hentry"],"translation":{"provider":"WPGlobus","version":"3.0.2","language":"es","enabled_languages":["de","es","ru","en","uk"],"languages":{"de":{"title":true,"content":true,"excerpt":false},"es":{"title":true,"content":true,"excerpt":false},"ru":{"title":false,"content":false,"excerpt":false},"en":{"title":true,"content":true,"excerpt":false},"uk":{"title":false,"content":false,"excerpt":false}}},"jetpack_sharing_enabled":true,"_links":{"self":[{"href":"https:\/\/spirituelle-lebensfuehrung.de\/es\/wp-json\/wp\/v2\/pages\/6656","targetHints":{"allow":["GET"]}}],"collection":[{"href":"https:\/\/spirituelle-lebensfuehrung.de\/es\/wp-json\/wp\/v2\/pages"}],"about":[{"href":"https:\/\/spirituelle-lebensfuehrung.de\/es\/wp-json\/wp\/v2\/types\/page"}],"author":[{"embeddable":true,"href":"https:\/\/spirituelle-lebensfuehrung.de\/es\/wp-json\/wp\/v2\/users\/1"}],"replies":[{"embeddable":true,"href":"https:\/\/spirituelle-lebensfuehrung.de\/es\/wp-json\/wp\/v2\/comments?post=6656"}],"version-history":[{"count":16,"href":"https:\/\/spirituelle-lebensfuehrung.de\/es\/wp-json\/wp\/v2\/pages\/6656\/revisions"}],"predecessor-version":[{"id":6822,"href":"https:\/\/spirituelle-lebensfuehrung.de\/es\/wp-json\/wp\/v2\/pages\/6656\/revisions\/6822"}],"wp:attachment":[{"href":"https:\/\/spirituelle-lebensfuehrung.de\/es\/wp-json\/wp\/v2\/media?parent=6656"}],"curies":[{"name":"wp","href":"https:\/\/api.w.org\/{rel}","templated":true}]}}