{"id":532,"date":"2019-12-29T18:10:10","date_gmt":"2019-12-29T17:10:10","guid":{"rendered":"https:\/\/www.spirituelle-lebensfuehrung.de\/?page_id=532"},"modified":"2026-03-05T19:00:48","modified_gmt":"2026-03-05T18:00:48","slug":"2-4-5-der-direkte-draht-zur-seele","status":"publish","type":"page","link":"https:\/\/spirituelle-lebensfuehrung.de\/es\/2-4-5-der-direkte-draht-zur-seele\/","title":{"rendered":"11. La l\u00ednea directa con la voz  interior"},"content":{"rendered":"\n<p>Un ejemplo cl\u00e1sico de la l\u00ednea directa con la gu\u00eda interior es Juana de Arco, que con dieciocho a\u00f1os demostr\u00f3 su destino con sus decisiones y predicciones incomprensibles para la mente humana y, sobre todo, con su exitoso liderazgo militar, y lo hizo de forma consciente, obediente y tolerante, es decir, sin luchar por su propia autoconservaci\u00f3n. Juana nunca permiti\u00f3 que sus actos heroicos se atribuyeran a su \u00abyo\u00bb, a su persona, sino que siempre dej\u00f3 claro que era una mensajera de su gu\u00eda interior. Para distinguir claramente: La voz que o\u00eda Juana ven\u00eda de \u00abarriba\u00bb, del alma, mientras que los enfermos mentales, que tambi\u00e9n oyen voces que quieren instigarles a cometer fechor\u00edas, vienen de otra parte.<\/p>\n\n\n\n<p>Los artistas sensibles tienen la conciencia de la gu\u00eda desde el interior: Es lo que Johanna llamaba su \u00abvoz\u00bb:<\/p>\n\n\n\n<p><em>\u00abComponer es un proceso que no es tan f\u00e1cil de explicar. Cuando la inspiraci\u00f3n llega, es de tal astucia&#8230; que casi desaf\u00eda cualquier determinaci\u00f3n m\u00e1s precisa. Cuando estoy inspirado, tengo ciertas visiones compulsivas bajo la influencia de un poder superior. &#8230; S\u00e9 que la capacidad de absorber tales ideas en mi conciencia es un don divino. &#8230;fui&#8230; consciente de la ayuda de un poder distinto al terrenal.<br>(Johann Strauss hijo)<\/em><\/p>\n\n\n\n<p><em>\u00abJes\u00fas proclam\u00f3 una gran verdad: No soy yo, sino el Padre que mora en m\u00ed, quien hace las obras. Cuando dijo esto, y cuando me siento con mi mayor poder creativo en mi trabajo, siento que un poder superior est\u00e1 trabajando a trav\u00e9s de m\u00ed.\u00bb<br>(Ludwig van Beethoven)<\/em><\/p>\n\n\n\n<p><em>\u00abDarse cuenta, como Beethoven, de que somos uno con el Creador es una experiencia maravillosa e inspiradora. Muy pocas personas llegan a esta conclusi\u00f3n. &#8230; Siempre pienso en todo esto antes de empezar a componer. &#8230; Inmediatamente despu\u00e9s siento vibraciones que me penetran por completo. Son el esp\u00edritu que ilumina las fuerzas interiores del alma, y en este estado de arrebato veo con claridad lo que es oscuro en mi estado mental habitual; entonces me siento capaz de inspirarme desde arriba como Beethoven. &#8230; Estas vibraciones toman la forma de ciertas im\u00e1genes mentales, &#8230; inmediatamente las ideas se derraman sobre m\u00ed, &#8230; barra por barra la obra espiritual se me revela, &#8230; debo estar en un estado de semi-trance para obtener tales resultados &#8211; un estado en el que el pensamiento consciente est\u00e1 temporalmente sin dominio y el subconsciente reina, porque es a trav\u00e9s de esto, como parte de la Omnipotencia, que la inspiraci\u00f3n tiene lugar. &#8230; As\u00ed es como compon\u00eda Mozart. Una vez le preguntaron por el proceso de composici\u00f3n, y respondi\u00f3: \u00abMe ocurre como en un&#8230; sue\u00f1o\u00bb.<br>(Johannes Brahms)<\/em><\/p>\n\n\n\n<p><em>\u00abPor mi experiencia en la composici\u00f3n s\u00e9 que una influencia sobrenatural me permite recibir verdades divinas y comunicarlas al p\u00fablico a trav\u00e9s de mis \u00f3peras. &#8230; El secreto de todos los genios creadores reside en que poseen el poder de apropiarse de la belleza, la riqueza, la grandeza y la sublimidad de su alma como partes de la omnipotencia y de comunicar esta riqueza a los dem\u00e1s\u00bb (Giacomo Puccini)<\/em><\/p>\n\n\n\n<p><em>\u00abHe&#8230; observado que hay que observar ciertas leyes, de las cuales las dos m\u00e1s importantes se llaman soledad y concentraci\u00f3n. &#8230; Un compositor debe esperar en silencio las instrucciones de una fuerza superior a su intelecto\u00bb.<br>(Max Bruch)<\/em><\/p>\n\n\n\n<p>(Todos, adem\u00e1s de Wagner y otros, en: Abell, Arthur M.: Conversaciones con compositores famosos. 1962.)<\/p>\n\n\n\n<p>Estos informes muestran s\u00f3lo una comunicaci\u00f3n unidireccional desde el nivel espiritual, es decir, de la voz interior a la persona exterior. Tal vez sea la norma para los artistas. En cambio, los m\u00edsticos, es decir, las personas con interacci\u00f3n directa, mantienen un di\u00e1logo completo, es decir, se comunican con su gu\u00eda interior en forma de preguntas y respuestas por ambas partes. A menudo esto tiene lugar de tal forma que se pueden dirigir preguntas detalladas al alma, mientras que \u00e9sta o bien da impulsos detallados de frases o im\u00e1genes, o bien las respuestas son s\u00ed o silencio, porque no hay un No del lado divino.<\/p>\n\n\n\n<p>La palabra inglesa \u00abtuition\u00bb significa \u00abinstrucci\u00f3n\u00bb; la palabra alemana \u00abIn-tuition\u00bb indica el car\u00e1cter de la materia, es decir, la instrucci\u00f3n por el propio poder interior. Todas las mentes creativas saben que dependen de estas \u00abinstrucciones\u00bb y deben esperarlas.&nbsp; Sin embargo, la gente de a pie cree que su propia mente es la fuente de inspiraci\u00f3n.<\/p>\n\n\n\n<p>Incluso algunos cient\u00edficos naturales se dieron cuenta de su influjo intuitivo:<br>\u00abMe hund\u00ed en la enso\u00f1aci\u00f3n. Los \u00e1tomos se arremolinaban ante mis ojos. Siempre los hab\u00eda visto en movimiento, a esos peque\u00f1os seres, pero nunca hab\u00eda logrado escuchar la naturaleza de su movimiento. Hoy he visto c\u00f3mo muchas veces dos m\u00e1s peque\u00f1os se un\u00edan para formar parejas; c\u00f3mo otros m\u00e1s grandes abrazaban a dos m\u00e1s peque\u00f1os, otros a\u00fan m\u00e1s grandes sujetaban a tres e incluso a cuatro de los m\u00e1s peque\u00f1os, y c\u00f3mo todo giraba en una danza circular giratoria. Vi c\u00f3mo los m\u00e1s grandes formaban una fila y s\u00f3lo arrastraban a los m\u00e1s peque\u00f1os en los extremos de la cadena\u00bb.<br>(El qu\u00edmico August Kekul\u00e9 sobre \u00absu\u00bb invenci\u00f3n del anillo de benceno: Wikipedia)<\/p>\n\n\n\n<p>2.4.5. (b)<\/p>\n\n\n\n<p>Cosas similares se han transmitido de la \u00abinspiraci\u00f3n\u00bb de Thomas Alva Edison (bombilla), de Niels Bohr (modelo at\u00f3mico) o de Goethe. Pero tambi\u00e9n figuras culturales destacadas se expresan actualmente en este sentido: la autora de los vol\u00famenes de Harry Potter dice sobre sus inspiraciones:<\/p>\n\n\n\n<p>\u00abCuando planifico un libro, a menudo tengo varias ideas en la cabeza al mismo tiempo. Entonces siempre intento atrapar a los mejores cuando pasan volando&#8230;\u00bb (DER SPIEGEL 22\/2018)<\/p>\n\n\n\n<p>Se pregunta a destacados autores contempor\u00e1neos sobre sus ideas:<\/p>\n\n\n\n<p>\u00abDej\u00e9 que me encontraran. Las ideas necesitan espacio&#8230; Funciona mejor por la ma\u00f1ana. Es entonces cuando me pongo debajo de la ducha con el cr\u00e1neo vac\u00edo y los dejo caer\u00bb. (POPA 19.04.2018)<\/p>\n\n\n\n<p>\u00abTodos los que trabajan de forma medianamente creativa tienen la experiencia de que hay algo en marcha que es m\u00e1s fuerte que ellos. &#8230; No puedes pensar en los pasajes realmente buenos, vienen, est\u00e1n de repente ah\u00ed. &#8230; Mis mejores textos segu\u00edan siendo m\u00e1s sabios que yo\u00bb. (SPIEGEL 18\/2018)<\/p>\n\n\n\n<p>Keith Richard recibi\u00f3 la melod\u00eda de \u00abI can&#8217;t get no satisfaction\u00bb mientras conduc\u00eda desde el sue\u00f1o en una noche de mayo de 1965. Dave Steward (Eurythmics) cuenta que \u00absu\u00bb melod\u00eda para \u00abSweet Dreams\u00bb se le ocurri\u00f3 \u00abde la nada\u00bb.<\/p>\n\n\n\n<p>\u00bfC\u00f3mo saben estos genios que sus inspiraciones no provienen de su propia mente, sino de lo m\u00e1s profundo de su ser? B\u00e1sicamente, todo el mundo lo sabe. Hay experiencias en nuestras vidas en las que uno se da cuenta inmediatamente de que nunca, jam\u00e1s, podr\u00edan haber sido productos de nuestra mente, porque estos productos se encuentran completamente fuera de nuestro stock de memoria y de su competencia para resolver problemas que conocemos. Esto tambi\u00e9n lo vio claramente uno de los mayores inventores mundiales de, entre otras cosas, la espiga Fischer, Artur Fischer, cuando le preguntaron en una entrevista sobre \u00absus\u00bb m\u00e1s de 1000 solicitudes de patentes y respondi\u00f3 que inventar le sale del alma:<\/p>\n\n\n\n<p>\u00abDebes hacer lo que se te ocurra y lo que necesites. Inventar pasa por el alma. &#8230; Somos parte de la creaci\u00f3n, por eso podemos ocuparnos de ella y &#8230; ser creativos. Fuera\u00bb.<\/p>\n\n\n\n<p>El pol\u00edmata y fil\u00f3sofo Leibniz dijo de s\u00ed mismo:<\/p>\n\n\n\n<p>\u00abAl despertar ya ten\u00eda tantas ideas que el d\u00eda no era suficiente para escribirlas\u00bb.<\/p>\n\n\n\n<p>Einstein, como he dicho, no desarroll\u00f3 la teor\u00eda de la relatividad, se la dieron. Recibi\u00f3 la idea. Su parte fue entonces, sobre la base de su talento recibido y las habilidades adquiridas a trav\u00e9s de su formaci\u00f3n en f\u00edsica te\u00f3rica, implementar, realizar esta idea, este concepto.<\/p>\n\n\n\n<p>Pero no hace falta ser Ludwig van o Keith Richard para recibir la tremenda variedad y poder de este dador de ideas interior, porque la gente lo experimenta casi todos los d\u00edas, y no lo nota ni lo entiende.<\/p>\n\n\n\n<p>De esto se desprende que no son las personas las que tienen cualidades. Son las cualidades de los programas de control en ellos los que est\u00e1n detr\u00e1s de los comportamientos y de los que el ser humano no es responsable en primer lugar. S\u00f3lo por eso el nazareno puede decir a la ad\u00faltera que no la reprocha ni la critica: \u00ab\u00a1As\u00ed que te condeno&#8230; no!\u00bb.<\/p>\n\n\n\n<p>Sabe que no es ella como persona la responsable de su comportamiento, sino sus mandos de conducci\u00f3n. Y estos son controles de comportamiento universales, programas que todo el mundo tiene. El escritor ruso Dostoievski acu\u00f1\u00f3 la acertada expresi\u00f3n \u00abinocentemente culpable\u00bb para el ser humano (La Juventud II,4). Sin embargo, no explica la raz\u00f3n de ser de la culpabilidad, es decir, que el hombre est\u00e1 aqu\u00ed en el escenario terrenal por razones k\u00e1rmicas y, adem\u00e1s, que no quiere dar un paso atr\u00e1s a \u00abla corte del padre\u00bb; inocente porque, con la mejor voluntad del mundo, no sabe lo que hace, porque es en gran medida una v\u00edctima indefensa de su control instintivo.<\/p>\n\n\n\n<p>Por eso los delincuentes, y todos los malhechores en general, no son esencialmente malos, sino que \u00abs\u00f3lo\u00bb hacen el mal. Por tanto, los delincuentes y todos los malhechores no son esencialmente malos, sino que \u00abs\u00f3lo\u00bb realizan el mal. Literalmente, no saben lo que est\u00e1n haciendo. No saben que s\u00f3lo son el meg\u00e1fono.<\/p>\n\n\n\n<p>Esto es particularmente evidente en los numerosos informes sobre delincuentes sexuales, ped\u00f3filos y asesinos en serie cuya culpa se ve en su persona. Como si pudieran haber decidido conscientemente y sin influencias a favor o en contra del acto en el momento en cuesti\u00f3n. Cualquiera que haya tenido contacto con un comportamiento adictivo en alg\u00fan momento de su vida sabe con mayor raz\u00f3n la fuerza con la que los correspondientes impulsos controlan sutilmente pero sin concesiones nuestro comportamiento. Esto se muestra de forma impresionante en la pel\u00edcula \u00abFree Will\u00bb.<\/p>\n","protected":false},"excerpt":{"rendered":"<p>Un ejemplo cl\u00e1sico de la l\u00ednea directa con la gu\u00eda interior es Juana de Arco, que con dieciocho a\u00f1os demostr\u00f3&hellip;<\/p>\n","protected":false},"author":1,"featured_media":0,"parent":0,"menu_order":0,"comment_status":"open","ping_status":"closed","template":"","meta":{"footnotes":""},"class_list":["post-532","page","type-page","status-publish","hentry"],"translation":{"provider":"WPGlobus","version":"3.0.2","language":"es","enabled_languages":["de","es","ru","en","uk"],"languages":{"de":{"title":true,"content":true,"excerpt":false},"es":{"title":true,"content":true,"excerpt":false},"ru":{"title":true,"content":true,"excerpt":false},"en":{"title":true,"content":true,"excerpt":false},"uk":{"title":true,"content":true,"excerpt":false}}},"jetpack_sharing_enabled":true,"_links":{"self":[{"href":"https:\/\/spirituelle-lebensfuehrung.de\/es\/wp-json\/wp\/v2\/pages\/532","targetHints":{"allow":["GET"]}}],"collection":[{"href":"https:\/\/spirituelle-lebensfuehrung.de\/es\/wp-json\/wp\/v2\/pages"}],"about":[{"href":"https:\/\/spirituelle-lebensfuehrung.de\/es\/wp-json\/wp\/v2\/types\/page"}],"author":[{"embeddable":true,"href":"https:\/\/spirituelle-lebensfuehrung.de\/es\/wp-json\/wp\/v2\/users\/1"}],"replies":[{"embeddable":true,"href":"https:\/\/spirituelle-lebensfuehrung.de\/es\/wp-json\/wp\/v2\/comments?post=532"}],"version-history":[{"count":14,"href":"https:\/\/spirituelle-lebensfuehrung.de\/es\/wp-json\/wp\/v2\/pages\/532\/revisions"}],"predecessor-version":[{"id":6618,"href":"https:\/\/spirituelle-lebensfuehrung.de\/es\/wp-json\/wp\/v2\/pages\/532\/revisions\/6618"}],"wp:attachment":[{"href":"https:\/\/spirituelle-lebensfuehrung.de\/es\/wp-json\/wp\/v2\/media?parent=532"}],"curies":[{"name":"wp","href":"https:\/\/api.w.org\/{rel}","templated":true}]}}