{"id":453,"date":"2019-12-29T16:25:10","date_gmt":"2019-12-29T15:25:10","guid":{"rendered":"https:\/\/www.spirituelle-lebensfuehrung.de\/?page_id=453"},"modified":"2026-01-30T08:12:01","modified_gmt":"2026-01-30T07:12:01","slug":"2-3-8-die-ursache-des-menschlichen-dramas-personifizierung","status":"publish","type":"page","link":"https:\/\/spirituelle-lebensfuehrung.de\/es\/2-3-8-die-ursache-des-menschlichen-dramas-personifizierung\/","title":{"rendered":"6. La causa del drama humano: la personificaci\u00f3n"},"content":{"rendered":"\n<p class=\"has-medium-font-size\">En principio, el comportamiento del ego no tiene nada que ver con la persona que lo tiene, del mismo modo que un meg\u00e1fono no es responsable de los esl\u00f3ganes racistas que grita un manifestante a trav\u00e9s de \u00e9l.<\/p>\n\n\n\n<p class=\"has-medium-font-size\">El ser humano es, por as\u00ed decirlo, el altavoz, no el causante. Es el <em>portador de <\/em>sus programas de control, de los que \u00e9l mismo no sabe pr\u00e1cticamente nada, como mucho tiene una pizca de conciencia: as\u00ed, el mujeriego empedernido sabe como mucho que tiene ese h\u00e1bito, pero no <em>por qu\u00e9<\/em> y mucho menos <em>que<\/em> est\u00e1 sometido a un control. El ser humano, cuya verborrea es dif\u00edcil de detener y que en reuniones de trabajo, discursos de cumplea\u00f1os, etc., intenta constantemente llamar la atenci\u00f3n, sabe, en el mejor de los casos, si es autocr\u00edtico, que ese es el caso, pero dif\u00edcilmente que es la v\u00edctima casi indefensa de un control.<\/p>\n\n\n\n<p class=\"has-medium-font-size\">Cuando se describe psicol\u00f3gicamente el ego, siempre se habla de personas y sus caracter\u00edsticas, pero eso no lleva a nada: deber\u00eda tratarse de sus <em>controles<\/em>, del software primigenio de la autoconservaci\u00f3n humana al que estamos sometidos.<\/p>\n\n\n\n<p class=\"has-medium-font-size\">Se trata de un programa global al que todos estamos expuestos y bajo el cual todos, sin excepci\u00f3n, sufrimos como si se tratara de una epidemia total invisible, una especie de plaga ps\u00edquica general que Goethe describe po\u00e9ticamente as\u00ed:<\/p>\n\n\n\n<p class=\"has-medium-font-size\"><em>\u00abDe la fuerza que <u>a todos<\/u> ata,<\/em><br><em>se libera <u>el<\/u> hombre que se supera a s\u00ed mismo\u00bb.<\/em><br><em>(Poemas. Los secretos, estrofa 24)<\/em><\/p>\n\n\n\n<p class=\"has-medium-font-size\">No son las personas como individuos las que producen todas las malas cualidades humanas, sino el programa del ego <em>universal<\/em> que est\u00e1 anclado en cada ser humano y que se expresa en mayor o menor medida. Es nuestra herencia animal. Los seres humanos son \u00absolo\u00bb \u00f3rganos ejecutores del software original, que se expresa simb\u00f3licamente en el ejemplo de Ca\u00edn.<\/p>\n\n\n\n<p class=\"has-medium-font-size\">Sin embargo, aquellos que gritan consignas de extrema derecha y atacan a los inmigrantes no son, en el fondo, diferentes de los dem\u00e1s. Porque, sin excepci\u00f3n, todos los seres humanos tienen en su interior el n\u00facleo divino, su alma espiritual. Los que odian \u00absolo\u00bb est\u00e1n mucho m\u00e1s sujetos al complejo de xenofobia del programa del ego universal. No es una diferencia de calidad, sino solo de cantidad. En este sentido, es un error reducir a los hombres y mujeres de los actuales movimientos de derecha, independientemente de si pertenecen a la parte eurocr\u00edtica, protestante, conspirativa o nacionalista, a su superficie terrenal, <em>\u00abporque<\/em> <em>no saben lo que hacen\u00bb, Lc 23,24<\/em>. (Por supuesto, esto no significa, por otro lado, ignorar sus fechor\u00edas).<\/p>\n\n\n\n<p class=\"has-medium-font-size\">El ego est\u00e1 presente en todas las personas. Todos estamos sujetos a este control interno y a sus ataques, solo que no en la misma medida. En este sentido, los gobernantes autoritarios, egoc\u00e9ntricos o excluyentes y sus electores son solo un s\u00edntoma, y lo son para todos nosotros, aunque en mayor o menor medida.<\/p>\n\n\n\n<p class=\"has-medium-font-size\">En el contexto del desarrollo de las llamadas \u00abnoticias falsas\u00bb, se olvida que todas las personas mienten todos los d\u00edas, y m\u00e1s a\u00fan los portales de Internet controlados por la inteligencia artificial. Su falta de escr\u00fapulos y su descaro son, sin duda, una nueva dimensi\u00f3n en la comunicaci\u00f3n p\u00fablica, pero solo en cuanto a la cantidad. Su comportamiento refleja el <em>principio<\/em> del comportamiento de todos nosotros, el de la autoconservaci\u00f3n.<\/p>\n\n\n\n<p class=\"has-medium-font-size\">No hay nada que objetar a la autoconservaci\u00f3n, siempre y cuando no sea a costa de otros. Pero precisamente esta es su caracter\u00edstica animal y casi siempre tambi\u00e9n humana, excluir con su conciencia y su comportamiento concreto la conservaci\u00f3n de todos los dem\u00e1s seres humanos. Por esta misma raz\u00f3n, Jes\u00fas formul\u00f3 el mandamiento de amar a los enemigos, para mostrar as\u00ed la \u00fanica salida de la miseria de la vida terrenal, del \u00abvalle de l\u00e1grimas\u00bb (Sal. 84, 7).<\/p>\n\n\n\n<p class=\"has-medium-font-size\">Dado que \u00abpor nosotros mismos no podemos hacer nada\u00bb, todos tenemos la misma estructura cualitativa, solo que nos afecta en diferente medida. Por muy doloroso que sea, la reacci\u00f3n de muchos de nuestros semejantes altamente educados y \u00abtolerantes\u00bb, que responden con desprecio a los radicales de derecha, utilizando palabras como \u00abescoria\u00bb, \u00ablocos\u00bb o \u00abno son personas\u00bb, y hacen lo mismo que los destinatarios, es decir, menospreciar y crear divisi\u00f3n en lugar de unidad, aplicando as\u00ed el principio fariseo <em>\u00abGracias a Dios que no somos como ellos&#8230;\u00bb<\/em>.<\/p>\n\n\n\n<p class=\"has-medium-font-size\">Mediante la proyecci\u00f3n, es decir, el traslado de nuestros propios s\u00edndromes (la viga en nuestro propio ojo) a otros, nos lanzamos con desprecio contra la xenofobia de los dem\u00e1s (la paja en sus ojos). Ellos gritan \u00abmestizaje\u00bb o \u00absustituci\u00f3n de la poblaci\u00f3n\u00bb, y nosotros respondemos quiz\u00e1 con \u00abturba nazi\u00bb. Pero eso demuestra que nosotros <em>tambi\u00e9n <\/em>somos odiosos. De lo contrario, evitar\u00edamos utilizar t\u00e9rminos tan despectivos. Entonces habr\u00edamos ca\u00eddo de la unidad espiritual igual que nuestros adversarios, solo que de forma menos flagrante y llamativa. Al mismo tiempo, hemos descargado nuestra hostilidad sobre los dem\u00e1s.<\/p>\n\n\n\n<p class=\"has-medium-font-size\"><em>Tras unas elecciones al Parlamento regional de Sajonia, un diputado de extrema derecha reci\u00e9n elegido se present\u00f3 ante el pleno con discursos racistas y exigi\u00f3 la exclusi\u00f3n de los extranjeros. Los dem\u00e1s diputados reaccionaron d\u00e1ndole la espalda al orador. As\u00ed pues, respondieron a la exclusi\u00f3n con exclusi\u00f3n<\/em>.<\/p>\n\n\n\n<p class=\"has-medium-font-size\">La exclusi\u00f3n es universal. Una forma cl\u00e1sica es la que se aplica a las minor\u00edas, como la discriminaci\u00f3n antisemita contra la poblaci\u00f3n jud\u00eda a lo largo de los siglos, ya sea en Europa occidental, central u oriental. En la actualidad, la exclusi\u00f3n de las personas negras, los refugiados (especialmente de Siria) y los migrantes, as\u00ed como sus formas, se pueden ver claramente en Europa, como los campos de internamiento italianos en Grecia o las vallas fronterizas en Estados Unidos.<\/p>\n\n\n\n<p class=\"has-medium-font-size\">La exclusi\u00f3n es vital para el ego, ya que solo as\u00ed puede percibirse y definirse a s\u00ed mismo como diferente e independiente. Aunque esto tiene su importancia para la supervivencia, se degenera r\u00e1pidamente al transferir exponencialmente la necesidad de diferenciarse de los dem\u00e1s a la creaci\u00f3n fundamental de im\u00e1genes enemigas: si ya no es el \u00abenemigo hereditario\u00bb o el \u00abfranc\u00e9s\u00bb para los alemanes antes de la Primera Guerra Mundial, entonces son los jud\u00edos, los palestinos, los comunistas, los negros, los refugiados, los neonazis, los alemanes del Este, los alemanes del Oeste, el vecino, \u00ablos de arriba\u00bb, los capitalistas o los \u00abdesgraciados\u00bb.<\/p>\n\n\n\n<p class=\"has-medium-font-size\">El amor al extranjero o incluso al enemigo no significa establecer v\u00ednculos emocionales o incluso amistad con el adversario. Se trata de la comprensi\u00f3n intelectual, de ver el n\u00facleo espiritual de uno mismo o de los dem\u00e1s a trav\u00e9s de la apariencia externa (\u00abvisi\u00f3n profunda\u00bb o, en t\u00e9rminos budistas, \u00abvisi\u00f3n profunda\u00bb). Es la visi\u00f3n del alma, que no se orienta por la <em>forma<\/em> y la apariencia, es decir, que no utiliza los <em>\u00f3rganos sensoriales<\/em>, sino que mira a la otra alma a trav\u00e9s de la superficie de la materia con comprensi\u00f3n espiritual. Reconoce, por as\u00ed decirlo, la mano en el guante. Reconoce la unidad de las chispas divinas aparentemente opuestas, como dos bombillas de una cadena de luces por las que fluye la misma energ\u00eda vital. Reconoce la unidad de los dedos de la mano, cuya corriente energ\u00e9tica com\u00fan de la sangre es su unidad, la condici\u00f3n previa para su existencia, para su vida.<\/p>\n\n\n\n<p class=\"has-medium-font-size\">Se elimina el rostro que muestra la luz en el paisaje con nubes en forma de pregunta<\/p>\n\n\n\n<figure class=\"wp-block-image size-full\"><img loading=\"lazy\" decoding=\"async\" width=\"1004\" height=\"564\" src=\"https:\/\/spirituelle-lebensfuehrung.de\/wp-content\/uploads\/image-291.png\" alt=\"\" class=\"wp-image-6190\" srcset=\"https:\/\/spirituelle-lebensfuehrung.de\/wp-content\/uploads\/image-291.png 1004w, https:\/\/spirituelle-lebensfuehrung.de\/wp-content\/uploads\/image-291-300x169.png 300w, https:\/\/spirituelle-lebensfuehrung.de\/wp-content\/uploads\/image-291-150x84.png 150w, https:\/\/spirituelle-lebensfuehrung.de\/wp-content\/uploads\/image-291-768x431.png 768w\" sizes=\"auto, (max-width: 1004px) 100vw, 1004px\" \/><\/figure>\n\n\n\n<p class=\"has-small-font-size\">Bestdesigns: Se elimina el rostro y se muestra el espacio interior. iStock 1069780080<\/p>\n\n\n\n<p class=\"has-medium-font-size\">Mirar m\u00e1s all\u00e1 de la superficie no es tan ajeno a la realidad como parece a primera vista. M\u00e1s bien, todo el mundo lo conoce: en los primeros meses de un nuevo amor, cada uno de los miembros de la pareja est\u00e1 m\u00e1s que dispuesto a <em>pasar por alto<\/em> todas las peculiaridades extra\u00f1as del otro. Es el amor el que pasa por alto los aspectos negativos de la <em>superficie<\/em>.<\/p>\n\n\n\n<figure class=\"wp-block-image size-full is-resized\"><img loading=\"lazy\" decoding=\"async\" width=\"680\" height=\"780\" src=\"https:\/\/spirituelle-lebensfuehrung.de\/wp-content\/uploads\/image-292.png\" alt=\"\" class=\"wp-image-6191\" style=\"aspect-ratio:0.871827838491444;width:524px;height:auto\" srcset=\"https:\/\/spirituelle-lebensfuehrung.de\/wp-content\/uploads\/image-292.png 680w, https:\/\/spirituelle-lebensfuehrung.de\/wp-content\/uploads\/image-292-262x300.png 262w, https:\/\/spirituelle-lebensfuehrung.de\/wp-content\/uploads\/image-292-131x150.png 131w\" sizes=\"auto, (max-width: 680px) 100vw, 680px\" \/><\/figure>\n\n\n\n<p class=\"has-small-font-size\">Archivo: crane_beauty5.jpg      <em>WalterCrane, BeautyandtheBeast.jpg (5.5.1875)<\/em><br><a href=\"https:\/\/archive.org\/stream\/beautybeast00cra\/beautybeast00cra#page\/21\/mode\/1up\"><em>https:\/\/archive.org\/stream\/beautybeast00cra\/beautybeast00cra#page\/21\/mode\/1up<\/em><\/a> Wikimedia Commons.wikimedia.org<\/p>\n\n\n\n<p class=\"has-medium-font-size\">Es significativo que el amor humano disminuya en los amantes medios debido a la presi\u00f3n del ego. Pero el mencionado pasar por alto del amor joven es una experiencia que, al menos, va en la direcci\u00f3n de ver m\u00e1s all\u00e1, aunque permanece en el plano material. Si se logra la transferencia a la vertical, es decir, la mirada al alma, comienza la salida del sufrimiento individual.<\/p>\n\n\n\n<p class=\"has-medium-font-size\">Quien odia demuestra que no es capaz de amar verdaderamente. En este sentido, el odio envenena las relaciones con los dem\u00e1s, pero tambi\u00e9n al propio odioso, porque se envenena a s\u00ed mismo, es decir, a su conciencia. Es una especie de autolesi\u00f3n. \u00bfQui\u00e9n tomar\u00eda un hacha en la mano derecha y se cortar\u00eda la izquierda con ella? Seguramente nadie, y sin embargo, eso es precisamente lo que hacen las personas cada d\u00eda, porque han perdido de vista la conexi\u00f3n o la unidad de las dos manos.<\/p>\n\n\n\n<p class=\"has-medium-font-size\">Sin embargo, la superaci\u00f3n del odio hacia los dem\u00e1s (y hacia m\u00ed mismo) solo es posible a trav\u00e9s de la visi\u00f3n espiritual del otro, a trav\u00e9s del reconocimiento de su identidad espiritual. Cuando descubro mi propio odio, la conciencia de mi propia identidad espiritual me salva. Herman Melville describe en su novela \u00abMoby Dick\u00bb ad\u00f3nde conduce en \u00faltima instancia el odio indeleble, describe el camino hacia la autodestrucci\u00f3n.<\/p>\n\n\n\n<p class=\"has-medium-font-size\">Por eso es tan raro encontrar en el mundo el amor verdadero, porque es completo (v\u00e9anse los cap\u00edtulos 9 y 17), ya que supera el ego del yo y no se deja distraer por las apariencias, sino que siempre reconoce la sustancia espiritual interior del ser humano.<\/p>\n\n\n\n<p class=\"has-medium-font-size\">El mal en el mundo no es generado por el ser humano, sino por el instinto de autoconservaci\u00f3n que hay en \u00e9l y que no se reconoce. Porque la visi\u00f3n general se limita a la superficie, a la persona. Sin embargo, a diferencia de los animales, podemos liberarnos de esta herencia mam\u00edfera.<\/p>\n\n\n\n<p class=\"has-medium-font-size\">Es necesario ver m\u00e1s all\u00e1 para liberarnos de la perdici\u00f3n de nuestro planeta. Porque as\u00ed cambiamos la palanca de la conciencia terrenal a la espiritual. Pero vivimos en un valle de l\u00e1grimas porque no miramos detr\u00e1s del tel\u00f3n, por lo que estamos predispuestos a la discordia, hemos bajado la palanca y la dejamos ah\u00ed.<\/p>\n\n\n\n<p class=\"has-medium-font-size\">Cuando el Papa pregunta sin comprender en mayo de 2014 en el memorial del Holocausto Yad Washem: <em>\u00abHombre, \u00bfqui\u00e9n eres? &#8230; \u00bfQu\u00e9 te ha hecho caer tan bajo?\u00bb, <\/em>queda claro el enorme obst\u00e1culo que hay que superar para hacer lo que Jes\u00fas ejemplific\u00f3, es decir, mirar m\u00e1s all\u00e1 de la m\u00e1scara de la persona (lat. personare: sonar a trav\u00e9s).<\/p>\n\n\n\n<p class=\"has-medium-font-size\">Se puede practicar la capacidad de ver m\u00e1s all\u00e1 examinando c\u00f3mo se lidia mentalmente con un conductor temerario que, mientras uno mismo circula por el carril de adelantamiento, le hace varias veces la luz trasera, toca el claxon como un loco y, al adelantar, le hace gestos obscenos, le amenaza y le insulta de forma evidente. Entonces podr\u00edamos empezar a darnos cuenta de que no sabe lo que hace, porque es v\u00edctima de su control inconsciente por la autoconservaci\u00f3n. Tambi\u00e9n se puede comprobar la capacidad de ver m\u00e1s all\u00e1, por ejemplo, observando la propia reacci\u00f3n ante alguien que conduce demasiado cerca, provoca un accidente y luego se niega agresivamente a asumir la responsabilidad: \u00bfse queda en la superficie, se queda en la apariencia o mira m\u00e1s all\u00e1 de la persona?<\/p>\n\n\n\n<p class=\"has-medium-font-size\"><em>\u00abAfirma el Tao en tu pr\u00f3jimo\u00bb.<\/em> (Tao Te King II, 54)&nbsp;&nbsp;<\/p>\n\n\n\n<p class=\"has-medium-font-size\"><\/p>\n\n\n\n<p><\/p>\n","protected":false},"excerpt":{"rendered":"<p>En principio, el comportamiento del ego no tiene nada que ver con la persona que lo tiene, del mismo modo&hellip;<\/p>\n","protected":false},"author":1,"featured_media":0,"parent":0,"menu_order":0,"comment_status":"open","ping_status":"closed","template":"","meta":{"footnotes":""},"class_list":["post-453","page","type-page","status-publish","hentry"],"translation":{"provider":"WPGlobus","version":"3.0.2","language":"es","enabled_languages":["de","es","ru","en","uk"],"languages":{"de":{"title":true,"content":true,"excerpt":false},"es":{"title":true,"content":true,"excerpt":false},"ru":{"title":true,"content":true,"excerpt":false},"en":{"title":true,"content":true,"excerpt":false},"uk":{"title":true,"content":true,"excerpt":false}}},"jetpack_sharing_enabled":true,"_links":{"self":[{"href":"https:\/\/spirituelle-lebensfuehrung.de\/es\/wp-json\/wp\/v2\/pages\/453","targetHints":{"allow":["GET"]}}],"collection":[{"href":"https:\/\/spirituelle-lebensfuehrung.de\/es\/wp-json\/wp\/v2\/pages"}],"about":[{"href":"https:\/\/spirituelle-lebensfuehrung.de\/es\/wp-json\/wp\/v2\/types\/page"}],"author":[{"embeddable":true,"href":"https:\/\/spirituelle-lebensfuehrung.de\/es\/wp-json\/wp\/v2\/users\/1"}],"replies":[{"embeddable":true,"href":"https:\/\/spirituelle-lebensfuehrung.de\/es\/wp-json\/wp\/v2\/comments?post=453"}],"version-history":[{"count":4,"href":"https:\/\/spirituelle-lebensfuehrung.de\/es\/wp-json\/wp\/v2\/pages\/453\/revisions"}],"predecessor-version":[{"id":6193,"href":"https:\/\/spirituelle-lebensfuehrung.de\/es\/wp-json\/wp\/v2\/pages\/453\/revisions\/6193"}],"wp:attachment":[{"href":"https:\/\/spirituelle-lebensfuehrung.de\/es\/wp-json\/wp\/v2\/media?parent=453"}],"curies":[{"name":"wp","href":"https:\/\/api.w.org\/{rel}","templated":true}]}}