{"id":338,"date":"2019-12-19T13:34:13","date_gmt":"2019-12-19T12:34:13","guid":{"rendered":"https:\/\/www.spirituelle-lebensfuehrung.de\/?page_id=338"},"modified":"2026-04-24T11:46:52","modified_gmt":"2026-04-24T09:46:52","slug":"aktuell-workshop-januar-2020","status":"publish","type":"page","link":"https:\/\/spirituelle-lebensfuehrung.de\/es\/","title":{"rendered":"Sobre mi"},"content":{"rendered":"\n<p class=\"has-medium-font-size\">Bienvenido a mi p\u00e1gina web \u00abEstilo de vida espiritual\u00bb. Me llamo J\u00fcrgen Lang.<\/p>\n\n\n\n<figure class=\"wp-block-image size-full is-resized\"><img loading=\"lazy\" decoding=\"async\" width=\"460\" height=\"710\" src=\"https:\/\/spirituelle-lebensfuehrung.de\/wp-content\/uploads\/Edvard_1367603_avatar5-2.jpg\" alt=\"\" class=\"wp-image-6759\" style=\"width:272px;height:auto\" srcset=\"https:\/\/spirituelle-lebensfuehrung.de\/wp-content\/uploads\/Edvard_1367603_avatar5-2.jpg 460w, https:\/\/spirituelle-lebensfuehrung.de\/wp-content\/uploads\/Edvard_1367603_avatar5-2-194x300.jpg 194w, https:\/\/spirituelle-lebensfuehrung.de\/wp-content\/uploads\/Edvard_1367603_avatar5-2-97x150.jpg 97w\" sizes=\"auto, (max-width: 460px) 100vw, 460px\" \/><\/figure>\n\n\n\n<p class=\"has-medium-font-size\">Se trata de aportaciones a temas como la cuesti\u00f3n de la propia identidad (\u00ab\u00bfQui\u00e9n soy yo?\u00bb), por qu\u00e9 existe el mal, c\u00f3mo encontrar la voz interior, c\u00f3mo es el amor verdadero, c\u00f3mo se puede garantizar una atenci\u00f3n constante y segura sobre una base espiritual y qu\u00e9 papel desempe\u00f1an la meditaci\u00f3n y el control mental en el \u00e9xito vital. En definitiva, se trata de encontrar una salida al sufrimiento.<\/p>\n\n\n\n<p class=\"has-medium-font-size\">Nuestro presente se caracteriza por la globalizaci\u00f3n, el terrorismo, el embrutecimiento, el aumento de la justicia por mano propia, la ciberdelincuencia, el fascismo y la guerra. Estos problemas tienen una importancia existencial creciente. Esto es tanto m\u00e1s cierto cuanto que la gente ha maniobrado para adoptar un enfoque autodestructivo del clima.<\/p>\n\n\n\n<p class=\"has-medium-font-size\">Las soluciones existen desde hace mucho tiempo, siempre han estado ah\u00ed. Est\u00e1n recogidas en los grandes textos de sabidur\u00eda, aunque a menudo en clave. Adem\u00e1s, ideales como la Regla de Oro o el amor a los enemigos parecen de todos modos irracionales e inveros\u00edmiles. Por tanto, han desaparecido en gran medida de la conciencia p\u00fablica. Por otra parte, la gente no se ha alejado ni un \u00e1pice del arcaico principio de \u00abojo por ojo, diente por diente\u00bb desde su aparici\u00f3n en el escenario terrenal.<\/p>\n\n\n\n<p class=\"has-medium-font-size\">El pr\u00edncipe de los poetas nombra el requisito para liberarse del sufrimiento personal: <em>\u00bb El hombre que vencese libera de la violencia que todo lo ata \u00bb.<\/em> Se trata de superar el instinto egoc\u00e9ntrico de autoconservaci\u00f3n.<\/p>\n\n\n\n<p class=\"has-medium-font-size\">El credo com\u00fan de las grandes ense\u00f1anzas de sabidur\u00eda pretende mostrar enfoques modernos y significativos en el marco de este sitio web. Su poder explosivo para el presente es inmenso en vista del cambio clim\u00e1tico y la guerra. Muestran el camino de salida.<\/p>\n\n\n\n<p class=\"has-medium-font-size\">El contenido de los textos no es apto para pusil\u00e1nimes, ya que cuestionan pr\u00e1cticamente todo lo que todav\u00eda hoy se considera una visi\u00f3n establecida del mundo. El perd\u00f3n, la no resistencia al mal, la comprensi\u00f3n de la estructura del mal y el amor a los extranjeros aparecen como ideales inveros\u00edmiles, mientras que el principio del \u00abojo por ojo\u00bb en forma de venganza y retribuci\u00f3n prevalece como patr\u00f3n fundamental de actuaci\u00f3n. Cualquier discusi\u00f3n sobre la renuncia a la retribuci\u00f3n es recibida con escepticismo incluso por lectores bienintencionados.<\/p>\n\n\n\n<p class=\"has-medium-font-size\">La raz\u00f3n es que casi todas las personas orientan su vida fundamentalmente y casi exclusivamente hacia su propio bienestar. De este modo, la someten al instinto biol\u00f3gico b\u00e1sico de la autoconservaci\u00f3n. En principio, esto se corresponde con la vida de los leones en manada: cazar para alimentarse, organizar la convivencia, reproducirse, descansar y luchar contra los intrusos. El sentido de su existencia es su propia existencia. No pueden escapar de este programa. Los seres humanos tambi\u00e9n est\u00e1n sujetos a este programa animal. Para ellos, el sentido de su existencia es tambi\u00e9n su propia existencia.<br>Esta existencia est\u00e1 marcada por la incertidumbre, la p\u00e9rdida, el dolor, la preocupaci\u00f3n, los celos, el miedo y la violencia. Sea cual sea el sufrimiento, el ser humano lo da por sentado y ni siquiera se le ocurre abolirlo, a pesar de que todas las religiones le muestran precisamente eso. En lugar de ello, intenta combatir el sufrimiento con u\u00f1as y dientes. Y esto a pesar de que el sentido del sufrimiento le ha sido claramente revelado a trav\u00e9s de las ense\u00f1anzas de la sabidur\u00eda, como se expresa, por ejemplo, desde el punto de vista cristiano en la par\u00e1bola del hijo pr\u00f3digo. Porque el ser humano es el \u00fanico mam\u00edfero que puede romper con el programa del egocentrismo, la autoconservaci\u00f3n biol\u00f3gicamente determinada y centrada en el yo, que incluye a los hijos, los padres, la pareja, los amigos, etc. Esta salida es el \u00fanico tema del Serm\u00f3n de la Monta\u00f1a, del \u00d3ctuple Sendero budista, del Cor\u00e1n, de los Diez Mandamientos, del Bhagavad Gita hind\u00fa, del Tao Te King chino, etc.<br>El primer resultado de este cambio de conciencia es la etapa de la libertad individual del sufrimiento, tal y como se describe, por ejemplo, en el libro de Job; pero, sobre todo, es la experiencia concreta de aquellos que se encuentran en el camino espiritual y han superado el primer y el segundo nivel de sufrimiento. Este cambio de direcci\u00f3n, con la ampliaci\u00f3n de la conciencia hacia el nivel espiritual, est\u00e1 relacionado con el sacrificio de las actitudes tradicionales hacia todos los dem\u00e1s seres humanos.<br>Los \u00faltimos milenios del Homo sapiens muestran lo ineficaz que ha sido el concepto existencial de la salvaci\u00f3n de las religiones para los seres humanos, pero tambi\u00e9n lo elocuentes que son las experiencias vitales de todos aquellos que han emprendido el camino espiritual de la entrega y el cuidado samaritanos.<\/p>\n\n\n\n<p class=\"has-medium-font-size\">Cualquier discusi\u00f3n sobre los temas del camino espiritual es dolorosa. Pero, sin embargo, se requiere nada menos que una conversi\u00f3n radical en la conciencia de las personas para desterrar el sufrimiento de sus vidas.<\/p>\n\n\n\n<p class=\"has-medium-font-size\">Soy profesor jubilado. Viv\u00ed una vida cotidiana normal durante cuatro d\u00e9cadas. Debido a una crisis vital, en la que se perdieron todos los cimientos de mi vida que cre\u00eda seguros, empec\u00e9 a buscar salidas, y m\u00e1s tarde el trasfondo. Tras muchos a\u00f1os de estudio de las religiones, durante los cuales dej\u00e9 atr\u00e1s todas las referencias eclesi\u00e1sticas y esot\u00e9ricas, me encontr\u00e9 en un camino espiritual. Esto me puso en contacto directo con mi intuici\u00f3n y, por tanto, tambi\u00e9n con la gu\u00eda de peque\u00f1os pasos a trav\u00e9s de ella. Como resultado, me he convertido cada vez m\u00e1s en una persona llena de paz mental, que ya no necesita preocuparse por nada y puede llevar una vida plena y alegre.<\/p>\n\n\n\n<p class=\"has-medium-font-size\">Tras d\u00e9cadas estudiando los escritos de sabidur\u00eda de las grandes culturas, empec\u00e9 a dar seminarios en Hungr\u00eda y Brasil. M\u00e1s tarde comenc\u00e9 a publicar mis propias experiencias con el sufrimiento &#8212; empezando por mi divorcio &#8212; y c\u00f3mo lo super\u00e9. Los conocimientos espirituales, por ejemplo no buscar retribuci\u00f3n, no juzgar y no resistirse al mal, me abrieron el camino espiritual hacia una soluci\u00f3n. Practicarlo y la experiencia personal concreta asociada de superar el sufrimiento mediante la gu\u00eda interior me mostraron lo tangible que es este camino. La sabidur\u00eda en la que se basa no es m\u00eda, sino que s\u00f3lo ha sido experimentada, seguida, probada, descrita y demostrada por m\u00ed &#8211; las que considero generalizables.<\/p>\n\n\n\n<p class=\"has-medium-font-size\">Para enfatizarlo: todos los temas siguientes, ya se trate de la mitad superior del amor, de la cuesti\u00f3n del sentido de la vida, de la funci\u00f3n del mal, de la \u00abchispa divina\u00bb interior (Maestro Eckhart), la cuesti\u00f3n de la verdad, la seguridad del sustento, el sexo espiritual, el amor al enemigo o la comprensi\u00f3n del dolor y el sufrimiento, todas estas contribuciones no son solo m\u00e1s teor\u00edas que se suman a las muchas ya existentes. Tampoco son meras contraargumentaciones y afirmaciones sin fundamento. Son el resultado de mis experiencias concretas y dolorosas, con sus consiguientes consecuencias llenas de sentido y felicidad. Las experiencias tangibles de la vida cotidiana son la prueba.<\/p>\n\n\n\n<p class=\"has-medium-font-size\">Su transmisi\u00f3n tiene como objetivo elevar la vida espiritual a un nivel superior, lo que permite llevar una vida libre de preocupaciones y miedos. No en vano, los testimonios espirituales de todas las culturas enfatizan que es necesario un cambio <em>fundamental<\/em> en la conciencia de las personas para eliminar el sufrimiento de sus vidas.<br>Los siguientes cap\u00edtulos tienen como objetivo ampliar el conocimiento espiritual y conectarlo con el \u00abinstinto\u00bb, con la intuici\u00f3n, para as\u00ed redise\u00f1ar la propia vida. De este modo, tambi\u00e9n se aumenta la capacidad individual de amar o se desarrolla por primera vez.<\/p>\n\n\n\n<p class=\"has-medium-font-size\"><em>\u00abLa llamada que nos hace la vida no terminar\u00e1 nunca&#8230;<\/em><br><em>Pues bien, coraz\u00f3n, desp\u00eddete y goza de buena salud\u00bb.<\/em><br><em>(Hermann Hesse: Pasos)<\/em><\/p>\n\n\n\n<p class=\"has-medium-font-size\"><\/p>\n","protected":false},"excerpt":{"rendered":"<p>Bienvenido a mi p\u00e1gina web \u00abEstilo de vida espiritual\u00bb. Me llamo J\u00fcrgen Lang. Se trata de aportaciones a temas como&hellip;<\/p>\n","protected":false},"author":1,"featured_media":0,"parent":0,"menu_order":0,"comment_status":"open","ping_status":"closed","template":"","meta":{"footnotes":""},"class_list":["post-338","page","type-page","status-publish","hentry"],"translation":{"provider":"WPGlobus","version":"3.0.2","language":"es","enabled_languages":["de","es","ru","en","uk"],"languages":{"de":{"title":true,"content":true,"excerpt":false},"es":{"title":true,"content":true,"excerpt":false},"ru":{"title":true,"content":true,"excerpt":false},"en":{"title":true,"content":true,"excerpt":false},"uk":{"title":true,"content":true,"excerpt":false}}},"jetpack_sharing_enabled":true,"_links":{"self":[{"href":"https:\/\/spirituelle-lebensfuehrung.de\/es\/wp-json\/wp\/v2\/pages\/338","targetHints":{"allow":["GET"]}}],"collection":[{"href":"https:\/\/spirituelle-lebensfuehrung.de\/es\/wp-json\/wp\/v2\/pages"}],"about":[{"href":"https:\/\/spirituelle-lebensfuehrung.de\/es\/wp-json\/wp\/v2\/types\/page"}],"author":[{"embeddable":true,"href":"https:\/\/spirituelle-lebensfuehrung.de\/es\/wp-json\/wp\/v2\/users\/1"}],"replies":[{"embeddable":true,"href":"https:\/\/spirituelle-lebensfuehrung.de\/es\/wp-json\/wp\/v2\/comments?post=338"}],"version-history":[{"count":41,"href":"https:\/\/spirituelle-lebensfuehrung.de\/es\/wp-json\/wp\/v2\/pages\/338\/revisions"}],"predecessor-version":[{"id":6810,"href":"https:\/\/spirituelle-lebensfuehrung.de\/es\/wp-json\/wp\/v2\/pages\/338\/revisions\/6810"}],"wp:attachment":[{"href":"https:\/\/spirituelle-lebensfuehrung.de\/es\/wp-json\/wp\/v2\/media?parent=338"}],"curies":[{"name":"wp","href":"https:\/\/api.w.org\/{rel}","templated":true}]}}